{"id":136,"date":"2025-10-23T20:06:25","date_gmt":"2025-10-23T20:06:25","guid":{"rendered":"https:\/\/zumacafe.fr\/?page_id=136"},"modified":"2025-10-24T09:29:58","modified_gmt":"2025-10-24T09:29:58","slug":"contact","status":"publish","type":"page","link":"https:\/\/zumacafe.fr\/?page_id=136","title":{"rendered":"Contact"},"content":{"rendered":"\n<div class=\"wp-block-cover alignfull\" style=\"min-height:720px;aspect-ratio:unset;\"><span aria-hidden=\"true\" class=\"wp-block-cover__background has-background-dim-100 has-background-dim\"><\/span><div class=\"wp-block-cover__inner-container is-layout-flow wp-block-cover-is-layout-flow\">\n<div class=\"inherit-container-width wp-block-group alignwide is-layout-constrained wp-block-group-is-layout-constrained\">\n<div class=\"wp-block-media-text alignwide is-stacked-on-mobile is-vertically-aligned-center\" style=\"grid-template-columns:28% auto\"><figure class=\"wp-block-media-text__media\"><img loading=\"lazy\" decoding=\"async\" width=\"748\" height=\"1024\" src=\"http:\/\/zumacafe.fr\/wp-content\/uploads\/2025\/10\/image-12-748x1024.png\" alt=\"\" class=\"wp-image-152 size-full\" srcset=\"https:\/\/zumacafe.fr\/wp-content\/uploads\/2025\/10\/image-12-748x1024.png 748w, https:\/\/zumacafe.fr\/wp-content\/uploads\/2025\/10\/image-12-219x300.png 219w, https:\/\/zumacafe.fr\/wp-content\/uploads\/2025\/10\/image-12-768x1051.png 768w, https:\/\/zumacafe.fr\/wp-content\/uploads\/2025\/10\/image-12.png 1084w\" sizes=\"auto, (max-width: 748px) 100vw, 748px\" \/><\/figure><div class=\"wp-block-media-text__content\">\n<h1 class=\"wp-block-heading has-text-align-left has-white-color has-text-color\">Contactez-nous&#8230;<\/h1>\n\n\n\n<p class=\"has-white-color has-text-color\">Chez <strong>Z\u00fcma Caf\u00e9<\/strong>, chaque message est comme une petite gorg\u00e9e de bonheur\u2026 et nous adorons vous lire ! Que vous ayez une question, une suggestion ou juste envie de partager votre moment Z\u00fcma pr\u00e9f\u00e9r\u00e9, vous \u00eates au bon endroit.<br><\/p>\n\n\n\n<p class=\"has-text-align-center has-white-color has-text-color\"><strong>Nos coordonn\u00e9es<\/strong><\/p>\n\n\n\n<p class=\"has-text-align-center has-white-color has-text-color\">\ud83d\udccd <strong>Adresse :<\/strong> 8 place de la R\u00e9publique, 11300 Limoux<br>\ud83d\udcde <strong>T\u00e9l\u00e9phone :<\/strong> [&#8230;]<br>\u2709\ufe0f <strong>Email :<\/strong> [&#8230;]<\/p>\n\n\n\n<h3 class=\"wp-block-heading\">Une visite \u00e0 Z\u00fcma ?<\/h3>\n\n\n\n<p>Envie de nous rencontrer en personne ? Passez nous voir, sentez l\u2019ar\u00f4me de nos caf\u00e9s fra\u00eechement pr\u00e9par\u00e9s et laissez-vous tenter par nos douceurs maison.<\/p>\n\n\n\n<div class=\"wp-block-columns is-layout-flex wp-container-core-columns-is-layout-28f84493 wp-block-columns-is-layout-flex\">\n<div class=\"wp-block-column is-layout-flow wp-block-column-is-layout-flow\" style=\"flex-basis:100%\">\n<div class=\"wp-block-columns is-layout-flex wp-container-core-columns-is-layout-28f84493 wp-block-columns-is-layout-flex\">\n<div class=\"wp-block-column is-layout-flow wp-block-column-is-layout-flow\" style=\"flex-basis:100%\"><\/div>\n<\/div>\n<\/div>\n<\/div>\n<\/div><\/div>\n<\/div>\n<\/div><\/div>\n\n\n\n<p><\/p>\n","protected":false},"excerpt":{"rendered":"","protected":false},"author":1,"featured_media":0,"parent":0,"menu_order":0,"comment_status":"closed","ping_status":"closed","template":"","meta":{"site-sidebar-layout":"no-sidebar","site-content-layout":"plain-container","ast-site-content-layout":"default","site-content-style":"default","site-sidebar-style":"default","ast-global-header-display":"","ast-banner-title-visibility":"","ast-main-header-display":"","ast-hfb-above-header-display":"","ast-hfb-below-header-display":"","ast-hfb-mobile-header-display":"","site-post-title":"disabled","ast-breadcrumbs-content":"","ast-featured-img":"","footer-sml-layout":"","theme-transparent-header-meta":"enabled","adv-header-id-meta":"","stick-header-meta":"","header-above-stick-meta":"","header-main-stick-meta":"","header-below-stick-meta":"","astra-migrate-meta-layouts":"default","ast-page-background-enabled":"default","ast-page-background-meta":{"desktop":{"background-color":"var(--ast-global-color-5)","background-image":"","background-repeat":"repeat","background-position":"center center","background-size":"auto","background-attachment":"scroll","background-type":"","background-media":"","overlay-type":"","overlay-color":"","overlay-opacity":"","overlay-gradient":""},"tablet":{"background-color":"","background-image":"","background-repeat":"repeat","background-position":"center center","background-size":"auto","background-attachment":"scroll","background-type":"","background-media":"","overlay-type":"","overlay-color":"","overlay-opacity":"","overlay-gradient":""},"mobile":{"background-color":"","background-image":"","background-repeat":"repeat","background-position":"center center","background-size":"auto","background-attachment":"scroll","background-type":"","background-media":"","overlay-type":"","overlay-color":"","overlay-opacity":"","overlay-gradient":""}},"ast-content-background-meta":{"desktop":{"background-color":"var(--ast-global-color-4)","background-image":"","background-repeat":"repeat","background-position":"center center","background-size":"auto","background-attachment":"scroll","background-type":"","background-media":"","overlay-type":"","overlay-color":"","overlay-opacity":"","overlay-gradient":""},"tablet":{"background-color":"var(--ast-global-color-4)","background-image":"","background-repeat":"repeat","background-position":"center center","background-size":"auto","background-attachment":"scroll","background-type":"","background-media":"","overlay-type":"","overlay-color":"","overlay-opacity":"","overlay-gradient":""},"mobile":{"background-color":"var(--ast-global-color-4)","background-image":"","background-repeat":"repeat","background-position":"center center","background-size":"auto","background-attachment":"scroll","background-type":"","background-media":"","overlay-type":"","overlay-color":"","overlay-opacity":"","overlay-gradient":""}},"footnotes":""},"class_list":["post-136","page","type-page","status-publish","hentry"],"_links":{"self":[{"href":"https:\/\/zumacafe.fr\/index.php?rest_route=\/wp\/v2\/pages\/136","targetHints":{"allow":["GET"]}}],"collection":[{"href":"https:\/\/zumacafe.fr\/index.php?rest_route=\/wp\/v2\/pages"}],"about":[{"href":"https:\/\/zumacafe.fr\/index.php?rest_route=\/wp\/v2\/types\/page"}],"author":[{"embeddable":true,"href":"https:\/\/zumacafe.fr\/index.php?rest_route=\/wp\/v2\/users\/1"}],"replies":[{"embeddable":true,"href":"https:\/\/zumacafe.fr\/index.php?rest_route=%2Fwp%2Fv2%2Fcomments&post=136"}],"version-history":[{"count":9,"href":"https:\/\/zumacafe.fr\/index.php?rest_route=\/wp\/v2\/pages\/136\/revisions"}],"predecessor-version":[{"id":159,"href":"https:\/\/zumacafe.fr\/index.php?rest_route=\/wp\/v2\/pages\/136\/revisions\/159"}],"wp:attachment":[{"href":"https:\/\/zumacafe.fr\/index.php?rest_route=%2Fwp%2Fv2%2Fmedia&parent=136"}],"curies":[{"name":"wp","href":"https:\/\/api.w.org\/{rel}","templated":true}]}}