{"id":94,"date":"2025-10-23T16:32:30","date_gmt":"2025-10-23T16:32:30","guid":{"rendered":"https:\/\/zumacafe.fr\/?page_id=94"},"modified":"2025-10-23T20:30:23","modified_gmt":"2025-10-23T20:30:23","slug":"a-propos","status":"publish","type":"page","link":"https:\/\/zumacafe.fr\/?page_id=94","title":{"rendered":"A propos"},"content":{"rendered":"\n<div class=\"wp-block-cover alignfull\" style=\"min-height:720px;aspect-ratio:unset;\"><span aria-hidden=\"true\" class=\"wp-block-cover__background has-background-dim-100 has-background-dim\"><\/span><div class=\"wp-block-cover__inner-container is-layout-flow wp-block-cover-is-layout-flow\">\n<div class=\"inherit-container-width wp-block-group alignwide is-layout-constrained wp-block-group-is-layout-constrained\">\n<div class=\"wp-block-media-text alignwide has-media-on-the-right is-stacked-on-mobile is-vertically-aligned-center\" style=\"grid-template-columns:auto 31%\"><div class=\"wp-block-media-text__content\">\n<h1 class=\"wp-block-heading has-text-align-left has-white-color has-text-color\">\u00c0 propos de <strong>Z\u00fcma Caf\u00e9<\/strong>&#8230;<\/h1>\n\n\n\n<p>N\u00e9 de la vision de deux esprits curieux et voyageurs, <strong>Z\u00fcma Caf\u00e9<\/strong> est un lieu o\u00f9 la nature s\u2019exprime \u00e0 travers la couleur, la puret\u00e9 et le go\u00fbt.<br>Ici, chaque cr\u00e9ation est pens\u00e9e comme une exp\u00e9rience : un \u00e9quilibre entre bien-\u00eatre, esth\u00e9tisme et excellence des produits.<\/p>\n\n\n\n<p>Les deux associ\u00e9s ont voulu r\u00e9inventer le caf\u00e9 autour de <strong>l\u2019art du latte v\u00e9g\u00e9tal<\/strong>, des recettes inspir\u00e9es du monde entier, o\u00f9 le matcha du Japon, le curcuma dor\u00e9, la spiruline bleue ou encore le cacao cru du P\u00e9rou s\u2019unissent pour \u00e9veiller les sens.<br>\u00c0 leurs c\u00f4t\u00e9s, une s\u00e9lection d\u2019<strong>aliments biologiques et nobles<\/strong> : produits artisanaux, douceurs sans compromis, ingr\u00e9dients rares et naturels, choisis pour leur authenticit\u00e9 et leur pouvoir nutritif.<\/p>\n\n\n\n<p class=\"has-white-color has-text-color\">Chez <strong>Z\u00fcma Caf\u00e9<\/strong>, tout est pens\u00e9 pour offrir une parenth\u00e8se hors du temps, une \u00e9nergie douce, une palette de saveurs vibrantes et une atmosph\u00e8re o\u00f9 l\u2019on se sent bien.<br><\/p>\n\n\n\n<div class=\"wp-block-buttons is-layout-flex wp-block-buttons-is-layout-flex\">\n<div class=\"wp-block-button\"><a class=\"wp-block-button__link wp-element-button\" href=\"https:\/\/www.instagram.com\/zuma.cafe11?igsh=emNrOXpyNG02Zm9i&amp;utm_source=qr\" target=\"_blank\" rel=\"noreferrer noopener\">Nous suivre&#8230;<\/a><\/div>\n<\/div>\n<\/div><figure class=\"wp-block-media-text__media\"><img loading=\"lazy\" decoding=\"async\" width=\"1024\" height=\"1024\" src=\"http:\/\/zumacafe.fr\/wp-content\/uploads\/2025\/10\/logo-zuma.png\" alt=\"\" class=\"wp-image-96 size-full\" srcset=\"https:\/\/zumacafe.fr\/wp-content\/uploads\/2025\/10\/logo-zuma.png 1024w, https:\/\/zumacafe.fr\/wp-content\/uploads\/2025\/10\/logo-zuma-300x300.png 300w, https:\/\/zumacafe.fr\/wp-content\/uploads\/2025\/10\/logo-zuma-150x150.png 150w, https:\/\/zumacafe.fr\/wp-content\/uploads\/2025\/10\/logo-zuma-768x768.png 768w\" sizes=\"auto, (max-width: 1024px) 100vw, 1024px\" \/><\/figure><\/div>\n<\/div>\n\n\n\n<figure class=\"wp-block-gallery alignwide has-nested-images columns-default is-cropped wp-block-gallery-1 is-layout-flex wp-block-gallery-is-layout-flex\">\n<figure class=\"wp-block-image size-large has-custom-border is-style-default\"><img loading=\"lazy\" decoding=\"async\" width=\"1024\" height=\"587\" data-id=\"109\" src=\"https:\/\/zumacafe.fr\/wp-content\/uploads\/2025\/10\/IMG_8529-1024x587.jpg\" alt=\"\" class=\"has-border-color has-vivid-green-cyan-border-color wp-image-109\" style=\"border-width:2px\" srcset=\"https:\/\/zumacafe.fr\/wp-content\/uploads\/2025\/10\/IMG_8529-1024x587.jpg 1024w, https:\/\/zumacafe.fr\/wp-content\/uploads\/2025\/10\/IMG_8529-300x172.jpg 300w, https:\/\/zumacafe.fr\/wp-content\/uploads\/2025\/10\/IMG_8529-768x440.jpg 768w, https:\/\/zumacafe.fr\/wp-content\/uploads\/2025\/10\/IMG_8529-1536x880.jpg 1536w, https:\/\/zumacafe.fr\/wp-content\/uploads\/2025\/10\/IMG_8529-2048x1174.jpg 2048w\" sizes=\"auto, (max-width: 1024px) 100vw, 1024px\" \/><\/figure>\n<\/figure>\n<\/div><\/div>\n","protected":false},"excerpt":{"rendered":"","protected":false},"author":1,"featured_media":0,"parent":0,"menu_order":0,"comment_status":"closed","ping_status":"closed","template":"","meta":{"site-sidebar-layout":"no-sidebar","site-content-layout":"plain-container","ast-site-content-layout":"default","site-content-style":"default","site-sidebar-style":"default","ast-global-header-display":"","ast-banner-title-visibility":"","ast-main-header-display":"","ast-hfb-above-header-display":"","ast-hfb-below-header-display":"","ast-hfb-mobile-header-display":"","site-post-title":"disabled","ast-breadcrumbs-content":"","ast-featured-img":"","footer-sml-layout":"","theme-transparent-header-meta":"enabled","adv-header-id-meta":"","stick-header-meta":"","header-above-stick-meta":"","header-main-stick-meta":"","header-below-stick-meta":"","astra-migrate-meta-layouts":"default","ast-page-background-enabled":"default","ast-page-background-meta":{"desktop":{"background-color":"var(--ast-global-color-5)","background-image":"","background-repeat":"repeat","background-position":"center center","background-size":"auto","background-attachment":"scroll","background-type":"","background-media":"","overlay-type":"","overlay-color":"","overlay-opacity":"","overlay-gradient":""},"tablet":{"background-color":"","background-image":"","background-repeat":"repeat","background-position":"center center","background-size":"auto","background-attachment":"scroll","background-type":"","background-media":"","overlay-type":"","overlay-color":"","overlay-opacity":"","overlay-gradient":""},"mobile":{"background-color":"","background-image":"","background-repeat":"repeat","background-position":"center center","background-size":"auto","background-attachment":"scroll","background-type":"","background-media":"","overlay-type":"","overlay-color":"","overlay-opacity":"","overlay-gradient":""}},"ast-content-background-meta":{"desktop":{"background-color":"var(--ast-global-color-4)","background-image":"","background-repeat":"repeat","background-position":"center center","background-size":"auto","background-attachment":"scroll","background-type":"","background-media":"","overlay-type":"","overlay-color":"","overlay-opacity":"","overlay-gradient":""},"tablet":{"background-color":"var(--ast-global-color-4)","background-image":"","background-repeat":"repeat","background-position":"center center","background-size":"auto","background-attachment":"scroll","background-type":"","background-media":"","overlay-type":"","overlay-color":"","overlay-opacity":"","overlay-gradient":""},"mobile":{"background-color":"var(--ast-global-color-4)","background-image":"","background-repeat":"repeat","background-position":"center center","background-size":"auto","background-attachment":"scroll","background-type":"","background-media":"","overlay-type":"","overlay-color":"","overlay-opacity":"","overlay-gradient":""}},"footnotes":""},"class_list":["post-94","page","type-page","status-publish","hentry"],"_links":{"self":[{"href":"https:\/\/zumacafe.fr\/index.php?rest_route=\/wp\/v2\/pages\/94","targetHints":{"allow":["GET"]}}],"collection":[{"href":"https:\/\/zumacafe.fr\/index.php?rest_route=\/wp\/v2\/pages"}],"about":[{"href":"https:\/\/zumacafe.fr\/index.php?rest_route=\/wp\/v2\/types\/page"}],"author":[{"embeddable":true,"href":"https:\/\/zumacafe.fr\/index.php?rest_route=\/wp\/v2\/users\/1"}],"replies":[{"embeddable":true,"href":"https:\/\/zumacafe.fr\/index.php?rest_route=%2Fwp%2Fv2%2Fcomments&post=94"}],"version-history":[{"count":12,"href":"https:\/\/zumacafe.fr\/index.php?rest_route=\/wp\/v2\/pages\/94\/revisions"}],"predecessor-version":[{"id":145,"href":"https:\/\/zumacafe.fr\/index.php?rest_route=\/wp\/v2\/pages\/94\/revisions\/145"}],"wp:attachment":[{"href":"https:\/\/zumacafe.fr\/index.php?rest_route=%2Fwp%2Fv2%2Fmedia&parent=94"}],"curies":[{"name":"wp","href":"https:\/\/api.w.org\/{rel}","templated":true}]}}